{"id":2673,"date":"2016-11-03T22:56:44","date_gmt":"2016-11-03T20:56:44","guid":{"rendered":"http:\/\/noorkeraamik.ee\/en\/?page_id=2673"},"modified":"2016-11-03T22:56:44","modified_gmt":"2016-11-03T20:56:44","slug":"about-us","status":"publish","type":"page","link":"https:\/\/noorkeraamik.ee\/en\/about-us\/","title":{"rendered":"About us"},"content":{"rendered":"<p><strong>Tere tulemast Noore Keraamiku kodulehele!<\/strong><\/p>\n<p>Oleme kaks \u00f5de, kes otsustasid hobi ja ettev\u00f5tluse \u00fchendada. Ennek\u00f5ike oleme aga t\u00f5elised keraamika armastajad &#8211; meile meeldib ise teha ja teiste tehtut nautida. Me k\u00e4ime palju kursustel, katsetame erinevaid tehnikaid ning t\u00f6\u00f6riistu ja me jagame hea meelega oma kogemusi ka teistega.<\/p>\n<p>Kursusi\u00a0teeme\u00a0peamiselt Harju- ja Raplamaal, kuid j\u00f5uame ka kaugemale. Veebipoest kaupa saab tellida k\u00f5ikidesse postiautomaatidesse \u00fcle Eesti.<\/p>\n<p>Meiega saab \u00fchendust e-maili teel ja oleme ka <a href=\"https:\/\/www.facebook.com\/pages\/Noor-Keraamik\/931056460273948?ref=aymt_homepage_panel\" target=\"_blank\">Facebookis:<\/a><\/p>\n<p>merit@noorkeraamik.ee<br \/>\nmerke@noorkeraamik.ee<\/p>\n<h3>Ettev\u00f5tte andmed<img loading=\"lazy\" decoding=\"async\" class=\"wp-image-1924 alignright\" src=\"https:\/\/noorkeraamik.ee\/wp-content\/uploads\/2015\/08\/laadal-300x225.jpg\" alt=\"laadal\" width=\"300\" height=\"225\" srcset=\"https:\/\/noorkeraamik.ee\/wp-content\/uploads\/2015\/08\/laadal-300x225.jpg 300w, https:\/\/noorkeraamik.ee\/wp-content\/uploads\/2015\/08\/laadal.jpg 960w\" sizes=\"auto, (max-width: 300px) 100vw, 300px\" \/><\/h3>\n<div>Noor Keraamik O\u00dc<\/div>\n<div>Nurme tn 2-6<\/div>\n<div>Rapla linn<\/div>\n<div>Raplamaa 79511<\/div>\n<div><\/div>\n<div>Reg: 12878653<\/div>\n<div>KMKR: EE101805191<\/div>\n<div>a\/a: EE751010220244828229 SEB<\/div>\n<div><\/div>\n<div>TEL +372 \u00a055598167<\/div>\n<div>www.noorkeraamik.ee<\/div>\n<p>&nbsp;<\/p>\n<p>&nbsp;<\/p>\n","protected":false},"excerpt":{"rendered":"<p>Tere tulemast Noore Keraamiku kodulehele! Oleme kaks \u00f5de, kes otsustasid hobi ja ettev\u00f5tluse \u00fchendada. Ennek\u00f5ike oleme aga t\u00f5elised keraamika armastajad &#8211; meile meeldib ise teha ja teiste tehtut nautida. Me k\u00e4ime palju kursustel, katsetame erinevaid tehnikaid ning t\u00f6\u00f6riistu ja me jagame hea meelega oma kogemusi ka teistega. Kursusi\u00a0teeme\u00a0peamiselt Harju- ja Raplamaal, kuid j\u00f5uame ka kaugemale. [&hellip;]<\/p>\n","protected":false},"author":419,"featured_media":0,"parent":0,"menu_order":0,"comment_status":"closed","ping_status":"closed","template":"","meta":{"footnotes":""},"class_list":["post-2673","page","type-page","status-publish","hentry"],"_links":{"self":[{"href":"https:\/\/noorkeraamik.ee\/en\/wp-json\/wp\/v2\/pages\/2673","targetHints":{"allow":["GET"]}}],"collection":[{"href":"https:\/\/noorkeraamik.ee\/en\/wp-json\/wp\/v2\/pages"}],"about":[{"href":"https:\/\/noorkeraamik.ee\/en\/wp-json\/wp\/v2\/types\/page"}],"author":[{"embeddable":true,"href":"https:\/\/noorkeraamik.ee\/en\/wp-json\/wp\/v2\/users\/419"}],"replies":[{"embeddable":true,"href":"https:\/\/noorkeraamik.ee\/en\/wp-json\/wp\/v2\/comments?post=2673"}],"version-history":[{"count":1,"href":"https:\/\/noorkeraamik.ee\/en\/wp-json\/wp\/v2\/pages\/2673\/revisions"}],"predecessor-version":[{"id":2674,"href":"https:\/\/noorkeraamik.ee\/en\/wp-json\/wp\/v2\/pages\/2673\/revisions\/2674"}],"wp:attachment":[{"href":"https:\/\/noorkeraamik.ee\/en\/wp-json\/wp\/v2\/media?parent=2673"}],"curies":[{"name":"wp","href":"https:\/\/api.w.org\/{rel}","templated":true}]}}